{"id":11,"date":"2025-01-03T13:08:59","date_gmt":"2025-01-03T13:08:59","guid":{"rendered":"https:\/\/viziterv.hu\/main\/?page_id=11"},"modified":"2025-12-01T10:02:44","modified_gmt":"2025-12-01T12:02:44","slug":"fooldal","status":"publish","type":"page","link":"https:\/\/viziterv.hu\/main\/","title":{"rendered":"fooldal"},"content":{"rendered":"\t\t<div data-elementor-type=\"wp-page\" data-elementor-id=\"11\" class=\"elementor elementor-11\">\n\t\t\t\t<div class=\"elementor-element elementor-element-8550b97 e-flex e-con-boxed e-con e-parent\" data-id=\"8550b97\" data-element_type=\"container\">\n\t\t\t\t\t<div class=\"e-con-inner\">\n\t\t<div class=\"elementor-element elementor-element-869b231 e-con-full e-grid e-con e-child\" data-id=\"869b231\" data-element_type=\"container\" data-settings=\"{&quot;shape_divider_top&quot;:&quot;waves&quot;,&quot;shape_divider_top_negative&quot;:&quot;yes&quot;}\">\n\t\t\t\t<div class=\"elementor-shape elementor-shape-top\" aria-hidden=\"true\" data-negative=\"true\">\n\t\t\t<svg xmlns=\"http:\/\/www.w3.org\/2000\/svg\" viewBox=\"0 0 1000 100\" preserveAspectRatio=\"none\">\n\t<path class=\"elementor-shape-fill\" d=\"M790.5,93.1c-59.3-5.3-116.8-18-192.6-50c-29.6-12.7-76.9-31-100.5-35.9c-23.6-4.9-52.6-7.8-75.5-5.3\n\tc-10.2,1.1-22.6,1.4-50.1,7.4c-27.2,6.3-58.2,16.6-79.4,24.7c-41.3,15.9-94.9,21.9-134,22.6C72,58.2,0,25.8,0,25.8V100h1000V65.3\n\tc0,0-51.5,19.4-106.2,25.7C839.5,97,814.1,95.2,790.5,93.1z\"\/>\n<\/svg>\t\t<\/div>\n\t\t\t\t<div class=\"elementor-element elementor-element-a4f1130 elementor-widget elementor-widget-image\" data-id=\"a4f1130\" data-element_type=\"widget\" data-widget_type=\"image.default\">\n\t\t\t\t<div class=\"elementor-widget-container\">\n\t\t\t\t\t\t\t\t\t\t\t\t\t\t\t<img decoding=\"async\" src=\"https:\/\/viziterv.hu\/main\/wp-content\/uploads\/2025\/01\/logo.jpg\" title=\"logo\" alt=\"logo\" loading=\"lazy\" \/>\t\t\t\t\t\t\t\t\t\t\t\t\t\t\t<\/div>\n\t\t\t\t<\/div>\n\t\t\t\t<div class=\"elementor-element elementor-element-d58e0e3 elementor-icon-list--layout-inline elementor-align-center elementor-list-item-link-full_width elementor-widget elementor-widget-icon-list\" data-id=\"d58e0e3\" data-element_type=\"widget\" data-widget_type=\"icon-list.default\">\n\t\t\t\t<div class=\"elementor-widget-container\">\n\t\t\t\t\t\t\t<ul class=\"elementor-icon-list-items elementor-inline-items\">\n\t\t\t\t\t\t\t<li class=\"elementor-icon-list-item elementor-inline-item\">\n\t\t\t\t\t\t\t\t\t\t\t<a href=\"\/main\">\n\n\t\t\t\t\t\t\t\t\t\t\t\t<span class=\"elementor-icon-list-icon\">\n\t\t\t\t\t\t\t<svg aria-hidden=\"true\" class=\"e-font-icon-svg e-fas-home\" viewBox=\"0 0 576 512\" xmlns=\"http:\/\/www.w3.org\/2000\/svg\"><path d=\"M280.37 148.26L96 300.11V464a16 16 0 0 0 16 16l112.06-.29a16 16 0 0 0 15.92-16V368a16 16 0 0 1 16-16h64a16 16 0 0 1 16 16v95.64a16 16 0 0 0 16 16.05L464 480a16 16 0 0 0 16-16V300L295.67 148.26a12.19 12.19 0 0 0-15.3 0zM571.6 251.47L488 182.56V44.05a12 12 0 0 0-12-12h-56a12 12 0 0 0-12 12v72.61L318.47 43a48 48 0 0 0-61 0L4.34 251.47a12 12 0 0 0-1.6 16.9l25.5 31A12 12 0 0 0 45.15 301l235.22-193.74a12.19 12.19 0 0 1 15.3 0L530.9 301a12 12 0 0 0 16.9-1.6l25.5-31a12 12 0 0 0-1.7-16.93z\"><\/path><\/svg>\t\t\t\t\t\t<\/span>\n\t\t\t\t\t\t\t\t\t\t<span class=\"elementor-icon-list-text\">F\u0151oldal<\/span>\n\t\t\t\t\t\t\t\t\t\t\t<\/a>\n\t\t\t\t\t\t\t\t\t<\/li>\n\t\t\t\t\t\t\t\t<li class=\"elementor-icon-list-item elementor-inline-item\">\n\t\t\t\t\t\t\t\t\t\t\t<a href=\"\/main\/rolunk\">\n\n\t\t\t\t\t\t\t\t\t\t\t\t<span class=\"elementor-icon-list-icon\">\n\t\t\t\t\t\t\t<svg aria-hidden=\"true\" class=\"e-font-icon-svg e-fas-users\" viewBox=\"0 0 640 512\" xmlns=\"http:\/\/www.w3.org\/2000\/svg\"><path d=\"M96 224c35.3 0 64-28.7 64-64s-28.7-64-64-64-64 28.7-64 64 28.7 64 64 64zm448 0c35.3 0 64-28.7 64-64s-28.7-64-64-64-64 28.7-64 64 28.7 64 64 64zm32 32h-64c-17.6 0-33.5 7.1-45.1 18.6 40.3 22.1 68.9 62 75.1 109.4h66c17.7 0 32-14.3 32-32v-32c0-35.3-28.7-64-64-64zm-256 0c61.9 0 112-50.1 112-112S381.9 32 320 32 208 82.1 208 144s50.1 112 112 112zm76.8 32h-8.3c-20.8 10-43.9 16-68.5 16s-47.6-6-68.5-16h-8.3C179.6 288 128 339.6 128 403.2V432c0 26.5 21.5 48 48 48h288c26.5 0 48-21.5 48-48v-28.8c0-63.6-51.6-115.2-115.2-115.2zm-223.7-13.4C161.5 263.1 145.6 256 128 256H64c-35.3 0-64 28.7-64 64v32c0 17.7 14.3 32 32 32h65.9c6.3-47.4 34.9-87.3 75.2-109.4z\"><\/path><\/svg>\t\t\t\t\t\t<\/span>\n\t\t\t\t\t\t\t\t\t\t<span class=\"elementor-icon-list-text\">R\u00f3lunk<\/span>\n\t\t\t\t\t\t\t\t\t\t\t<\/a>\n\t\t\t\t\t\t\t\t\t<\/li>\n\t\t\t\t\t\t\t\t<li class=\"elementor-icon-list-item elementor-inline-item\">\n\t\t\t\t\t\t\t\t\t\t\t<a href=\"\/main\/kapcsolat\">\n\n\t\t\t\t\t\t\t\t\t\t\t\t<span class=\"elementor-icon-list-icon\">\n\t\t\t\t\t\t\t<svg aria-hidden=\"true\" class=\"e-font-icon-svg e-fas-phone-volume\" viewBox=\"0 0 384 512\" xmlns=\"http:\/\/www.w3.org\/2000\/svg\"><path d=\"M97.333 506.966c-129.874-129.874-129.681-340.252 0-469.933 5.698-5.698 14.527-6.632 21.263-2.422l64.817 40.513a17.187 17.187 0 0 1 6.849 20.958l-32.408 81.021a17.188 17.188 0 0 1-17.669 10.719l-55.81-5.58c-21.051 58.261-20.612 122.471 0 179.515l55.811-5.581a17.188 17.188 0 0 1 17.669 10.719l32.408 81.022a17.188 17.188 0 0 1-6.849 20.958l-64.817 40.513a17.19 17.19 0 0 1-21.264-2.422zM247.126 95.473c11.832 20.047 11.832 45.008 0 65.055-3.95 6.693-13.108 7.959-18.718 2.581l-5.975-5.726c-3.911-3.748-4.793-9.622-2.261-14.41a32.063 32.063 0 0 0 0-29.945c-2.533-4.788-1.65-10.662 2.261-14.41l5.975-5.726c5.61-5.378 14.768-4.112 18.718 2.581zm91.787-91.187c60.14 71.604 60.092 175.882 0 247.428-4.474 5.327-12.53 5.746-17.552.933l-5.798-5.557c-4.56-4.371-4.977-11.529-.93-16.379 49.687-59.538 49.646-145.933 0-205.422-4.047-4.85-3.631-12.008.93-16.379l5.798-5.557c5.022-4.813 13.078-4.394 17.552.933zm-45.972 44.941c36.05 46.322 36.108 111.149 0 157.546-4.39 5.641-12.697 6.251-17.856 1.304l-5.818-5.579c-4.4-4.219-4.998-11.095-1.285-15.931 26.536-34.564 26.534-82.572 0-117.134-3.713-4.836-3.115-11.711 1.285-15.931l5.818-5.579c5.159-4.947 13.466-4.337 17.856 1.304z\"><\/path><\/svg>\t\t\t\t\t\t<\/span>\n\t\t\t\t\t\t\t\t\t\t<span class=\"elementor-icon-list-text\">Kapcsolat<\/span>\n\t\t\t\t\t\t\t\t\t\t\t<\/a>\n\t\t\t\t\t\t\t\t\t<\/li>\n\t\t\t\t\t\t<\/ul>\n\t\t\t\t\t\t<\/div>\n\t\t\t\t<\/div>\n\t\t\t\t<div class=\"elementor-element elementor-element-d224b8e elementor-widget__width-inherit elementor-widget elementor-widget-heading\" data-id=\"d224b8e\" data-element_type=\"widget\" data-widget_type=\"heading.default\">\n\t\t\t\t<div class=\"elementor-widget-container\">\n\t\t\t\t\t<h1 class=\"elementor-heading-title elementor-size-default\">M\u00e9rn\u00f6kiroda<\/h1>\t\t\t\t<\/div>\n\t\t\t\t<\/div>\n\t\t\t\t<\/div>\n\t\t\t\t\t<\/div>\n\t\t\t\t<\/div>\n\t\t<div class=\"elementor-element elementor-element-c0e9c49 e-grid e-con-boxed e-con e-parent\" data-id=\"c0e9c49\" data-element_type=\"container\" data-settings=\"{&quot;background_background&quot;:&quot;classic&quot;}\">\n\t\t\t\t\t<div class=\"e-con-inner\">\n\t\t\t\t<div class=\"elementor-element elementor-element-6c1297c elementor-widget elementor-widget-heading\" data-id=\"6c1297c\" data-element_type=\"widget\" data-widget_type=\"heading.default\">\n\t\t\t\t<div class=\"elementor-widget-container\">\n\t\t\t\t\t<h2 class=\"elementor-heading-title elementor-size-default\"><a href=\"\/main\/rolunk\">\n<br>A VIZITERV Consult Kft. 1996 \u00f3ta v\u00edz\u00fcgyi ter\u00fcleten szaktan\u00e1csad\u00e1ssal \u00e9s tervez\u00e9ssel foglalkoz\u00f3 m\u00e9rn\u00f6kiroda.\n<\/a><\/h2>\t\t\t\t<\/div>\n\t\t\t\t<\/div>\n\t\t\t\t\t<\/div>\n\t\t\t\t<\/div>\n\t\t<div class=\"elementor-element elementor-element-e4aae6f e-flex e-con-boxed e-con e-parent\" data-id=\"e4aae6f\" data-element_type=\"container\">\n\t\t\t\t\t<div class=\"e-con-inner\">\n\t\t<div class=\"elementor-element elementor-element-c12190f e-con-full e-flex e-con e-child\" data-id=\"c12190f\" data-element_type=\"container\">\n\t\t\t\t<div class=\"elementor-element elementor-element-63d38d5 elementor-widget elementor-widget-heading\" data-id=\"63d38d5\" data-element_type=\"widget\" data-widget_type=\"heading.default\">\n\t\t\t\t<div class=\"elementor-widget-container\">\n\t\t\t\t\t<h4 class=\"elementor-heading-title elementor-size-default\">Tev\u00e9kenys\u00e9g\u00fcnk<\/h4>\t\t\t\t<\/div>\n\t\t\t\t<\/div>\n\t\t\t\t<div class=\"elementor-element elementor-element-9ffa277 e-transform elementor-widget elementor-widget-image\" data-id=\"9ffa277\" data-element_type=\"widget\" data-settings=\"{&quot;_transform_skewX_effect&quot;:{&quot;unit&quot;:&quot;px&quot;,&quot;size&quot;:0,&quot;sizes&quot;:[]},&quot;_transform_skewY_effect&quot;:{&quot;unit&quot;:&quot;px&quot;,&quot;size&quot;:0,&quot;sizes&quot;:[]},&quot;_transform_skewX_effect_tablet&quot;:{&quot;unit&quot;:&quot;deg&quot;,&quot;size&quot;:&quot;&quot;,&quot;sizes&quot;:[]},&quot;_transform_skewX_effect_mobile&quot;:{&quot;unit&quot;:&quot;deg&quot;,&quot;size&quot;:&quot;&quot;,&quot;sizes&quot;:[]},&quot;_transform_skewY_effect_tablet&quot;:{&quot;unit&quot;:&quot;deg&quot;,&quot;size&quot;:&quot;&quot;,&quot;sizes&quot;:[]},&quot;_transform_skewY_effect_mobile&quot;:{&quot;unit&quot;:&quot;deg&quot;,&quot;size&quot;:&quot;&quot;,&quot;sizes&quot;:[]}}\" data-widget_type=\"image.default\">\n\t\t\t\t<div class=\"elementor-widget-container\">\n\t\t\t\t\t\t\t\t\t\t\t\t\t\t\t<img fetchpriority=\"high\" decoding=\"async\" width=\"650\" height=\"417\" src=\"https:\/\/viziterv.hu\/main\/wp-content\/uploads\/2025\/01\/tiszafalnyito650x417.png\" class=\"attachment-medium_large size-medium_large wp-image-16\" alt=\"\" srcset=\"https:\/\/viziterv.hu\/main\/wp-content\/uploads\/2025\/01\/tiszafalnyito650x417.png 650w, https:\/\/viziterv.hu\/main\/wp-content\/uploads\/2025\/01\/tiszafalnyito650x417-300x192.png 300w\" sizes=\"(max-width: 650px) 100vw, 650px\" \/>\t\t\t\t\t\t\t\t\t\t\t\t\t\t\t<\/div>\n\t\t\t\t<\/div>\n\t\t\t\t<\/div>\n\t\t<div class=\"elementor-element elementor-element-261a000 e-con-full e-flex e-con e-child\" data-id=\"261a000\" data-element_type=\"container\">\n\t\t\t\t<div class=\"elementor-element elementor-element-4229ab1 elementor-widget elementor-widget-text-editor\" data-id=\"4229ab1\" data-element_type=\"widget\" data-widget_type=\"text-editor.default\">\n\t\t\t\t<div class=\"elementor-widget-container\">\n\t\t\t\t\t\t\t\t\t<p>Tev\u00e9kenys\u00e9g\u00fcnk kiterjed a v\u00edzgazd\u00e1lkod\u00e1s szinte teljes ter\u00fclet\u00e9re:<\/p><ul><li>\u00c1rv\u00edzv\u00e9delem<\/li><li>Foly\u00f3- \u00e9s t\u00f3szab\u00e1lyoz\u00e1s<\/li><li>V\u00f6lgyz\u00e1r\u00f3g\u00e1tak, t\u00e1roz\u00f3k<\/li><li>V\u00edz\u00e9p\u00edt\u00e9si m\u0171t\u00e1rgyak<\/li><li>V\u00edzk\u00e9szlet-gazd\u00e1lkod\u00e1si tervek<\/li><li>K\u00f6rnyezetv\u00e9delem<\/li><li>V\u00edzmin\u0151s\u00e9g-v\u00e9delem<\/li><li>Mez\u0151gazdas\u00e1gi v\u00edzhasznos\u00edt\u00e1s, \u00f6nt\u00f6z\u00e9s, halastava<\/li><\/ul><p><span style=\"letter-spacing: 0px;\">\u00a0<\/span><\/p><p><span style=\"letter-spacing: 0px;\">A v\u00edzgazd\u00e1lkod\u00e1s ter\u00fclet\u00e9n kiemelten m\u0171szaki tervez\u00e9ssel foglalkozunk (a m\u0171szaki koncepci\u00f3t\u00f3l, tanulm\u00e1nytervekt\u0151l kezdve a kiviteli tervekig bez\u00e1r\u00f3lag), de v\u00e1llaljuk a beruh\u00e1z\u00e1sok el\u0151k\u00e9sz\u00edt\u00e9s\u00e9vel kapcsolatos szaktan\u00e1csad\u00e1st, p\u00e1ly\u00e1zatok el\u0151k\u00e9sz\u00edt\u00e9s\u00e9t is.<\/span><\/p><p>Az ut\u00f3bbi \u00e9vekben munkat\u00e1rsaink jelent\u0151s tapasztalatokat szereztek az \u00e1rv\u00edzv\u00e9delem, a v\u00edzt\u00e1roz\u00e1s, valamint a katasztr\u00f3faelh\u00e1r\u00edt\u00e1s ter\u00fclet\u00e9n, melyeket ma m\u00e1r kiemelt szakter\u00fclet\u00fcnknek tekint\u00fcnk.<\/p>\t\t\t\t\t\t\t\t<\/div>\n\t\t\t\t<\/div>\n\t\t\t\t<\/div>\n\t\t\t\t\t<\/div>\n\t\t\t\t<\/div>\n\t\t<div class=\"elementor-element elementor-element-62f214b e-grid e-con-boxed e-con e-parent\" data-id=\"62f214b\" data-element_type=\"container\" data-settings=\"{&quot;background_background&quot;:&quot;classic&quot;}\">\n\t\t\t\t\t<div class=\"e-con-inner\">\n\t\t\t\t<div class=\"elementor-element elementor-element-e2f34e0 elementor-widget elementor-widget-text-editor\" data-id=\"e2f34e0\" data-element_type=\"widget\" data-widget_type=\"text-editor.default\">\n\t\t\t\t<div class=\"elementor-widget-container\">\n\t\t\t\t\t\t\t\t\t<p>Minden jog fenntartva!<\/p><p>VIZITERV Consult Kft.\u00a0<\/p>\t\t\t\t\t\t\t\t<\/div>\n\t\t\t\t<\/div>\n\t\t\t\t<div class=\"elementor-element elementor-element-c2ecd38 elementor-widget elementor-widget-text-editor\" data-id=\"c2ecd38\" data-element_type=\"widget\" data-widget_type=\"text-editor.default\">\n\t\t\t\t<div class=\"elementor-widget-container\">\n\t\t\t\t\t\t\t\t\t<p>telefon: 1-786-6831<br>e-mail: <a href=\"mailto:rosza.peter@viziterv.hu\" target=\"_blank\" rel=\"noopener\"><span class=\"il\">titkarsag@viziterv.hu<\/span><\/a><br>Budapest, R\u00f3na u 107\/A<\/p>\t\t\t\t\t\t\t\t<\/div>\n\t\t\t\t<\/div>\n\t\t\t\t\t<\/div>\n\t\t\t\t<\/div>\n\t\t<div class=\"elementor-element elementor-element-56b5fb8 e-flex e-con-boxed e-con e-parent\" data-id=\"56b5fb8\" data-element_type=\"container\">\n\t\t\t\t\t<div class=\"e-con-inner\">\n\t\t\t\t<div class=\"elementor-element elementor-element-51d2b88 elementor-widget elementor-widget-google_maps\" data-id=\"51d2b88\" data-element_type=\"widget\" data-widget_type=\"google_maps.default\">\n\t\t\t\t<div class=\"elementor-widget-container\">\n\t\t\t\t\t\t\t<div class=\"elementor-custom-embed\">\n\t\t\t<iframe loading=\"lazy\"\n\t\t\t\t\tsrc=\"https:\/\/maps.google.com\/maps?q=Mogyor%C3%B3di%20%C3%BAt%2032&#038;t=m&#038;z=14&#038;output=embed&#038;iwloc=near\"\n\t\t\t\t\ttitle=\"Mogyor\u00f3di \u00fat 32\"\n\t\t\t\t\taria-label=\"Mogyor\u00f3di \u00fat 32\"\n\t\t\t><\/iframe>\n\t\t<\/div>\n\t\t\t\t\t\t<\/div>\n\t\t\t\t<\/div>\n\t\t\t\t\t<\/div>\n\t\t\t\t<\/div>\n\t\t\t\t<\/div>\n\t\t","protected":false},"excerpt":{"rendered":"<p>F\u0151oldal R\u00f3lunk Kapcsolat M\u00e9rn\u00f6kiroda A VIZITERV Consult Kft. 1996 \u00f3ta v\u00edz\u00fcgyi ter\u00fcleten szaktan\u00e1csad\u00e1ssal \u00e9s tervez\u00e9ssel foglalkoz\u00f3 m\u00e9rn\u00f6kiroda. Tev\u00e9kenys\u00e9g\u00fcnk Tev\u00e9kenys\u00e9g\u00fcnk kiterjed a v\u00edzgazd\u00e1lkod\u00e1s szinte teljes ter\u00fclet\u00e9re: \u00c1rv\u00edzv\u00e9delem Foly\u00f3- \u00e9s t\u00f3szab\u00e1lyoz\u00e1s V\u00f6lgyz\u00e1r\u00f3g\u00e1tak, t\u00e1roz\u00f3k V\u00edz\u00e9p\u00edt\u00e9si m\u0171t\u00e1rgyak V\u00edzk\u00e9szlet-gazd\u00e1lkod\u00e1si tervek K\u00f6rnyezetv\u00e9delem V\u00edzmin\u0151s\u00e9g-v\u00e9delem Mez\u0151gazdas\u00e1gi v\u00edzhasznos\u00edt\u00e1s, \u00f6nt\u00f6z\u00e9s, halastava \u00a0 A v\u00edzgazd\u00e1lkod\u00e1s ter\u00fclet\u00e9n kiemelten m\u0171szaki tervez\u00e9ssel foglalkozunk (a m\u0171szaki koncepci\u00f3t\u00f3l, tanulm\u00e1nytervekt\u0151l kezdve a [&hellip;]<\/p>\n","protected":false},"author":1,"featured_media":0,"parent":0,"menu_order":0,"comment_status":"closed","ping_status":"closed","template":"elementor_canvas","meta":{"footnotes":""},"class_list":["post-11","page","type-page","status-publish","hentry"],"_links":{"self":[{"href":"https:\/\/viziterv.hu\/main\/wp-json\/wp\/v2\/pages\/11","targetHints":{"allow":["GET"]}}],"collection":[{"href":"https:\/\/viziterv.hu\/main\/wp-json\/wp\/v2\/pages"}],"about":[{"href":"https:\/\/viziterv.hu\/main\/wp-json\/wp\/v2\/types\/page"}],"author":[{"embeddable":true,"href":"https:\/\/viziterv.hu\/main\/wp-json\/wp\/v2\/users\/1"}],"replies":[{"embeddable":true,"href":"https:\/\/viziterv.hu\/main\/wp-json\/wp\/v2\/comments?post=11"}],"version-history":[{"count":64,"href":"https:\/\/viziterv.hu\/main\/wp-json\/wp\/v2\/pages\/11\/revisions"}],"predecessor-version":[{"id":140,"href":"https:\/\/viziterv.hu\/main\/wp-json\/wp\/v2\/pages\/11\/revisions\/140"}],"wp:attachment":[{"href":"https:\/\/viziterv.hu\/main\/wp-json\/wp\/v2\/media?parent=11"}],"curies":[{"name":"wp","href":"https:\/\/api.w.org\/{rel}","templated":true}]}}