{"id":42,"date":"2025-01-05T15:30:43","date_gmt":"2025-01-05T15:30:43","guid":{"rendered":"https:\/\/viziterv.hu\/main\/?page_id=42"},"modified":"2025-01-05T18:25:10","modified_gmt":"2025-01-05T20:25:10","slug":"rolunk","status":"publish","type":"page","link":"https:\/\/viziterv.hu\/main\/rolunk\/","title":{"rendered":"rolunk"},"content":{"rendered":"\t\t<div data-elementor-type=\"wp-page\" data-elementor-id=\"42\" class=\"elementor elementor-42\">\n\t\t\t\t<div class=\"elementor-element elementor-element-92f653d e-flex e-con-boxed e-con e-parent\" data-id=\"92f653d\" data-element_type=\"container\">\n\t\t\t\t\t<div class=\"e-con-inner\">\n\t\t<div class=\"elementor-element elementor-element-fbb7f8e e-con-full e-flex e-con e-child\" data-id=\"fbb7f8e\" data-element_type=\"container\">\n\t\t<div class=\"elementor-element elementor-element-b5bba14 e-con-full e-grid e-con e-child\" data-id=\"b5bba14\" data-element_type=\"container\" data-settings=\"{&quot;shape_divider_top&quot;:&quot;waves&quot;,&quot;shape_divider_top_negative&quot;:&quot;yes&quot;}\">\n\t\t\t\t<div class=\"elementor-shape elementor-shape-top\" aria-hidden=\"true\" data-negative=\"true\">\n\t\t\t<svg xmlns=\"http:\/\/www.w3.org\/2000\/svg\" viewBox=\"0 0 1000 100\" preserveAspectRatio=\"none\">\n\t<path class=\"elementor-shape-fill\" d=\"M790.5,93.1c-59.3-5.3-116.8-18-192.6-50c-29.6-12.7-76.9-31-100.5-35.9c-23.6-4.9-52.6-7.8-75.5-5.3\n\tc-10.2,1.1-22.6,1.4-50.1,7.4c-27.2,6.3-58.2,16.6-79.4,24.7c-41.3,15.9-94.9,21.9-134,22.6C72,58.2,0,25.8,0,25.8V100h1000V65.3\n\tc0,0-51.5,19.4-106.2,25.7C839.5,97,814.1,95.2,790.5,93.1z\"\/>\n<\/svg>\t\t<\/div>\n\t\t\t\t<div class=\"elementor-element elementor-element-99160ba elementor-widget elementor-widget-image\" data-id=\"99160ba\" data-element_type=\"widget\" data-widget_type=\"image.default\">\n\t\t\t\t<div class=\"elementor-widget-container\">\n\t\t\t\t\t\t\t\t\t\t\t\t\t\t\t<img decoding=\"async\" src=\"https:\/\/viziterv.hu\/main\/wp-content\/uploads\/2025\/01\/logo.jpg\" title=\"logo\" alt=\"logo\" loading=\"lazy\" \/>\t\t\t\t\t\t\t\t\t\t\t\t\t\t\t<\/div>\n\t\t\t\t<\/div>\n\t\t\t\t<div class=\"elementor-element elementor-element-26163e1 elementor-icon-list--layout-inline elementor-align-center elementor-list-item-link-full_width elementor-widget elementor-widget-icon-list\" data-id=\"26163e1\" data-element_type=\"widget\" data-widget_type=\"icon-list.default\">\n\t\t\t\t<div class=\"elementor-widget-container\">\n\t\t\t\t\t\t\t<ul class=\"elementor-icon-list-items elementor-inline-items\">\n\t\t\t\t\t\t\t<li class=\"elementor-icon-list-item elementor-inline-item\">\n\t\t\t\t\t\t\t\t\t\t\t<a href=\"\/main\">\n\n\t\t\t\t\t\t\t\t\t\t\t\t<span class=\"elementor-icon-list-icon\">\n\t\t\t\t\t\t\t<svg aria-hidden=\"true\" class=\"e-font-icon-svg e-fas-home\" viewBox=\"0 0 576 512\" xmlns=\"http:\/\/www.w3.org\/2000\/svg\"><path d=\"M280.37 148.26L96 300.11V464a16 16 0 0 0 16 16l112.06-.29a16 16 0 0 0 15.92-16V368a16 16 0 0 1 16-16h64a16 16 0 0 1 16 16v95.64a16 16 0 0 0 16 16.05L464 480a16 16 0 0 0 16-16V300L295.67 148.26a12.19 12.19 0 0 0-15.3 0zM571.6 251.47L488 182.56V44.05a12 12 0 0 0-12-12h-56a12 12 0 0 0-12 12v72.61L318.47 43a48 48 0 0 0-61 0L4.34 251.47a12 12 0 0 0-1.6 16.9l25.5 31A12 12 0 0 0 45.15 301l235.22-193.74a12.19 12.19 0 0 1 15.3 0L530.9 301a12 12 0 0 0 16.9-1.6l25.5-31a12 12 0 0 0-1.7-16.93z\"><\/path><\/svg>\t\t\t\t\t\t<\/span>\n\t\t\t\t\t\t\t\t\t\t<span class=\"elementor-icon-list-text\">F\u0151oldal<\/span>\n\t\t\t\t\t\t\t\t\t\t\t<\/a>\n\t\t\t\t\t\t\t\t\t<\/li>\n\t\t\t\t\t\t\t\t<li class=\"elementor-icon-list-item elementor-inline-item\">\n\t\t\t\t\t\t\t\t\t\t\t<a href=\"\/main\/rolunk\">\n\n\t\t\t\t\t\t\t\t\t\t\t\t<span class=\"elementor-icon-list-icon\">\n\t\t\t\t\t\t\t<svg aria-hidden=\"true\" class=\"e-font-icon-svg e-fas-users\" viewBox=\"0 0 640 512\" xmlns=\"http:\/\/www.w3.org\/2000\/svg\"><path d=\"M96 224c35.3 0 64-28.7 64-64s-28.7-64-64-64-64 28.7-64 64 28.7 64 64 64zm448 0c35.3 0 64-28.7 64-64s-28.7-64-64-64-64 28.7-64 64 28.7 64 64 64zm32 32h-64c-17.6 0-33.5 7.1-45.1 18.6 40.3 22.1 68.9 62 75.1 109.4h66c17.7 0 32-14.3 32-32v-32c0-35.3-28.7-64-64-64zm-256 0c61.9 0 112-50.1 112-112S381.9 32 320 32 208 82.1 208 144s50.1 112 112 112zm76.8 32h-8.3c-20.8 10-43.9 16-68.5 16s-47.6-6-68.5-16h-8.3C179.6 288 128 339.6 128 403.2V432c0 26.5 21.5 48 48 48h288c26.5 0 48-21.5 48-48v-28.8c0-63.6-51.6-115.2-115.2-115.2zm-223.7-13.4C161.5 263.1 145.6 256 128 256H64c-35.3 0-64 28.7-64 64v32c0 17.7 14.3 32 32 32h65.9c6.3-47.4 34.9-87.3 75.2-109.4z\"><\/path><\/svg>\t\t\t\t\t\t<\/span>\n\t\t\t\t\t\t\t\t\t\t<span class=\"elementor-icon-list-text\"><u>R\u00f3lunk<\/u><\/span>\n\t\t\t\t\t\t\t\t\t\t\t<\/a>\n\t\t\t\t\t\t\t\t\t<\/li>\n\t\t\t\t\t\t\t\t<li class=\"elementor-icon-list-item elementor-inline-item\">\n\t\t\t\t\t\t\t\t\t\t\t<a href=\"\/main\/kapcsolat\">\n\n\t\t\t\t\t\t\t\t\t\t\t\t<span class=\"elementor-icon-list-icon\">\n\t\t\t\t\t\t\t<svg aria-hidden=\"true\" class=\"e-font-icon-svg e-fas-phone-volume\" viewBox=\"0 0 384 512\" xmlns=\"http:\/\/www.w3.org\/2000\/svg\"><path d=\"M97.333 506.966c-129.874-129.874-129.681-340.252 0-469.933 5.698-5.698 14.527-6.632 21.263-2.422l64.817 40.513a17.187 17.187 0 0 1 6.849 20.958l-32.408 81.021a17.188 17.188 0 0 1-17.669 10.719l-55.81-5.58c-21.051 58.261-20.612 122.471 0 179.515l55.811-5.581a17.188 17.188 0 0 1 17.669 10.719l32.408 81.022a17.188 17.188 0 0 1-6.849 20.958l-64.817 40.513a17.19 17.19 0 0 1-21.264-2.422zM247.126 95.473c11.832 20.047 11.832 45.008 0 65.055-3.95 6.693-13.108 7.959-18.718 2.581l-5.975-5.726c-3.911-3.748-4.793-9.622-2.261-14.41a32.063 32.063 0 0 0 0-29.945c-2.533-4.788-1.65-10.662 2.261-14.41l5.975-5.726c5.61-5.378 14.768-4.112 18.718 2.581zm91.787-91.187c60.14 71.604 60.092 175.882 0 247.428-4.474 5.327-12.53 5.746-17.552.933l-5.798-5.557c-4.56-4.371-4.977-11.529-.93-16.379 49.687-59.538 49.646-145.933 0-205.422-4.047-4.85-3.631-12.008.93-16.379l5.798-5.557c5.022-4.813 13.078-4.394 17.552.933zm-45.972 44.941c36.05 46.322 36.108 111.149 0 157.546-4.39 5.641-12.697 6.251-17.856 1.304l-5.818-5.579c-4.4-4.219-4.998-11.095-1.285-15.931 26.536-34.564 26.534-82.572 0-117.134-3.713-4.836-3.115-11.711 1.285-15.931l5.818-5.579c5.159-4.947 13.466-4.337 17.856 1.304z\"><\/path><\/svg>\t\t\t\t\t\t<\/span>\n\t\t\t\t\t\t\t\t\t\t<span class=\"elementor-icon-list-text\">Kapcsolat<\/span>\n\t\t\t\t\t\t\t\t\t\t\t<\/a>\n\t\t\t\t\t\t\t\t\t<\/li>\n\t\t\t\t\t\t<\/ul>\n\t\t\t\t\t\t<\/div>\n\t\t\t\t<\/div>\n\t\t\t\t<div class=\"elementor-element elementor-element-cb22d6e elementor-widget__width-inherit elementor-widget elementor-widget-heading\" data-id=\"cb22d6e\" data-element_type=\"widget\" data-widget_type=\"heading.default\">\n\t\t\t\t<div class=\"elementor-widget-container\">\n\t\t\t\t\t<h1 class=\"elementor-heading-title elementor-size-default\">M\u00e9rn\u00f6kiroda<\/h1>\t\t\t\t<\/div>\n\t\t\t\t<\/div>\n\t\t\t\t<\/div>\n\t\t\t\t<\/div>\n\t\t\t\t\t<\/div>\n\t\t\t\t<\/div>\n\t\t<div class=\"elementor-element elementor-element-eae2b09 e-flex e-con-boxed e-con e-parent\" data-id=\"eae2b09\" data-element_type=\"container\">\n\t\t\t\t\t<div class=\"e-con-inner\">\n\t\t\t\t<div class=\"elementor-element elementor-element-853b65e elementor-widget elementor-widget-heading\" data-id=\"853b65e\" data-element_type=\"widget\" data-widget_type=\"heading.default\">\n\t\t\t\t<div class=\"elementor-widget-container\">\n\t\t\t\t\t<h4 class=\"elementor-heading-title elementor-size-default\">C\u00e9gt\u00f6rt\u00e9net<\/h4>\t\t\t\t<\/div>\n\t\t\t\t<\/div>\n\t\t\t\t<div class=\"elementor-element elementor-element-5565e07 elementor-widget elementor-widget-text-editor\" data-id=\"5565e07\" data-element_type=\"widget\" data-widget_type=\"text-editor.default\">\n\t\t\t\t<div class=\"elementor-widget-container\">\n\t\t\t\t\t\t\t\t\t<p>A VIZITERV Consult Kft. mai form\u00e1j\u00e1ban 1996-ban j\u00f6tt l\u00e9tre, az 1954-ben alap\u00edtott V\u00edz\u00fcgyi Tervez\u0151 V\u00e1llalat jogut\u00f3djak\u00e9nt. A jelenleg 24 f\u0151t foglalkoztat\u00f3, stabil gazdas\u00e1gi eredm\u00e9nyekkel rendelkez\u0151 t\u00e1rsas\u00e1g legfontosabb \u00e9rt\u00e9ke a munkat\u00e1rsak szakmai tud\u00e1s\u00e1n, tapasztalatain nyugv\u00f3 szellemi alapt\u0151ke. A VIZITERV Consult Kft. 1999-ben t\u00e1rsult a SETEC Csoport-tal, Franciaorsz\u00e1g egyik legjelent\u0151sebb p\u00e1rizsi sz\u00e9khely\u0171 m\u00e9rn\u00f6kirod\u00e1j\u00e1val. A SETEC Csoport holdingk\u00e9nt m\u0171k\u00f6dik, Franciaorsz\u00e1gban \u00e9s k\u00fclf\u00f6ld\u00f6n t\u00f6bb mint h\u00fasz le\u00e1nyv\u00e1llalattal rendelkezik.<\/p><p>A 90-es \u00e9vekben \u00e9s a 2000-es \u00e9vek elej\u00e9n a t\u00e1rsas\u00e1gnak jelent\u0151s volt a k\u00fclf\u00f6ldi tev\u00e9kenys\u00e9ge. Els\u0151sorban az alg\u00e9riai \u00e9s a tun\u00e9ziai munk\u00e1k kiemelend\u0151ek. Tun\u00e9zi\u00e1ban t\u00f6bb mint 100 v\u00f6lgyz\u00e1r\u00f3g\u00e1t terveit k\u00e9sz\u00edtett\u00fck el, ebb\u0151l k\u00f6zel 50 db m\u00e1r kivitelez\u00e9sre is ker\u00fclt.<\/p><p>A 2000-es \u00e9vek legelej\u00e9n akt\u00edvan r\u00e9szt vett\u00fcnk a V\u00e1s\u00e1rhelyi-terv tov\u00e1bbfejleszt\u00e9se c\u00edm\u0171 program kidolgoz\u00e1s\u00e1ban. Az\u00f3ta is legfontosabb tev\u00e9kenys\u00e9gi k\u00f6r\u00fcnk az \u00e1rv\u00edzv\u00e9delmi rendszerek l\u00e9tes\u00edtm\u00e9nyeinek a tervez\u00e9se a koncepci\u00f3 kialak\u00edt\u00e1s\u00e1t\u00f3l eg\u00e9szen a kivitelez\u00e9si szakaszig.<\/p>\t\t\t\t\t\t\t\t<\/div>\n\t\t\t\t<\/div>\n\t\t\t\t\t<\/div>\n\t\t\t\t<\/div>\n\t\t<div class=\"elementor-element elementor-element-d623c9f e-flex e-con-boxed e-con e-parent\" data-id=\"d623c9f\" data-element_type=\"container\">\n\t\t\t\t\t<div class=\"e-con-inner\">\n\t\t\t\t<div class=\"elementor-element elementor-element-90076b1 elementor-widget elementor-widget-heading\" data-id=\"90076b1\" data-element_type=\"widget\" data-widget_type=\"heading.default\">\n\t\t\t\t<div class=\"elementor-widget-container\">\n\t\t\t\t\t<h4 class=\"elementor-heading-title elementor-size-default\">Kiemelt szak\u00e9rt\u0151ink<\/h4>\t\t\t\t<\/div>\n\t\t\t\t<\/div>\n\t\t\t\t<div class=\"elementor-element elementor-element-54a8360 elementor-widget elementor-widget-text-editor\" data-id=\"54a8360\" data-element_type=\"widget\" data-widget_type=\"text-editor.default\">\n\t\t\t\t<div class=\"elementor-widget-container\">\n\t\t\t\t\t\t\t\t\t<p>Kiemelt szak\u00e9rt\u0151ink legal\u00e1bb 10 \u00e9ves tapasztalattal rendelkezik a v\u00edzgazd\u00e1lkod\u00e1s \u00e9s v\u00edzk\u00e1relh\u00e1r\u00edt\u00e1s sz\u00e9les ter\u00fcletein:<\/p><ul><li>Bartha \u00c1kos<\/li><li>Dr. Bezd\u00e1n M\u00e1ria<\/li><li>Farkas P\u00e9ter<\/li><li>Dr. Kertai Istv\u00e1n<\/li><li>Rosza P\u00e9ter<\/li><li>Szab\u00f3 Bence<\/li><li>Szab\u00f3 Piroska<\/li><li>Sz\u00e1nt\u00f3 Tibor<\/li><\/ul>\t\t\t\t\t\t\t\t<\/div>\n\t\t\t\t<\/div>\n\t\t\t\t\t<\/div>\n\t\t\t\t<\/div>\n\t\t<div class=\"elementor-element elementor-element-6e48199 e-flex e-con-boxed e-con e-parent\" data-id=\"6e48199\" data-element_type=\"container\">\n\t\t\t\t\t<div class=\"e-con-inner\">\n\t\t\t\t<div class=\"elementor-element elementor-element-00cbb09 elementor-widget elementor-widget-heading\" data-id=\"00cbb09\" data-element_type=\"widget\" data-widget_type=\"heading.default\">\n\t\t\t\t<div class=\"elementor-widget-container\">\n\t\t\t\t\t<h4 class=\"elementor-heading-title elementor-size-default\">F\u0151bb megrendel\u0151ink<\/h4>\t\t\t\t<\/div>\n\t\t\t\t<\/div>\n\t\t\t\t<div class=\"elementor-element elementor-element-a143b06 elementor-widget elementor-widget-text-editor\" data-id=\"a143b06\" data-element_type=\"widget\" data-widget_type=\"text-editor.default\">\n\t\t\t\t<div class=\"elementor-widget-container\">\n\t\t\t\t\t\t\t\t\t<ul><li>OVF &#8211; Orsz\u00e1gos V\u00edz\u00fcgyi F\u0151igazgat\u00f3s\u00e1g<\/li><li>V\u00edz\u00fcgyi igazgat\u00f3s\u00e1gok:<\/li><\/ul><blockquote><ul><li>Fels\u0151-Tisza-vid\u00e9ki V\u00edz\u00fcgyi Igazgat\u00f3s\u00e1g<\/li><li>\u00c9szak-Magyarorsz\u00e1gi V\u00edz\u00fcgyi Igazgat\u00f3s\u00e1g<\/li><li>\u00c9szak-Dun\u00e1nt\u00fali V\u00edz\u00fcgyi Igazgat\u00f3s\u00e1g<\/li><li>Nyugat-Dun\u00e1nt\u00fali V\u00edz\u00fcgyi Igazgat\u00f3s\u00e1g<\/li><li>K\u00f6z\u00e9p-Dunav\u00f6lgyi V\u00edz\u00fcgyi Igazgat\u00f3s\u00e1g<\/li><li>Als\u00f3-Dunav\u00f6lgyi V\u00edz\u00fcgyi Igazgat\u00f3s\u00e1g<\/li><li>K\u00f6z\u00e9p-Tisza-vid\u00e9ki V\u00edz\u00fcgyi Igazgat\u00f3s\u00e1g<\/li><\/ul><\/blockquote><ul><li>\u00d6nkorm\u00e1nyzatok<\/li><li>Nagyobb kivitelez\u0151k<\/li><li>M\u00e1s mag\u00e1nc\u00e9gek<\/li><\/ul>\t\t\t\t\t\t\t\t<\/div>\n\t\t\t\t<\/div>\n\t\t\t\t\t<\/div>\n\t\t\t\t<\/div>\n\t\t\t\t<\/div>\n\t\t","protected":false},"excerpt":{"rendered":"<p>F\u0151oldal R\u00f3lunk Kapcsolat M\u00e9rn\u00f6kiroda C\u00e9gt\u00f6rt\u00e9net A VIZITERV Consult Kft. mai form\u00e1j\u00e1ban 1996-ban j\u00f6tt l\u00e9tre, az 1954-ben alap\u00edtott V\u00edz\u00fcgyi Tervez\u0151 V\u00e1llalat jogut\u00f3djak\u00e9nt. A jelenleg 24 f\u0151t foglalkoztat\u00f3, stabil gazdas\u00e1gi eredm\u00e9nyekkel rendelkez\u0151 t\u00e1rsas\u00e1g legfontosabb \u00e9rt\u00e9ke a munkat\u00e1rsak szakmai tud\u00e1s\u00e1n, tapasztalatain nyugv\u00f3 szellemi alapt\u0151ke. A VIZITERV Consult Kft. 1999-ben t\u00e1rsult a SETEC Csoport-tal, Franciaorsz\u00e1g egyik legjelent\u0151sebb p\u00e1rizsi sz\u00e9khely\u0171 [&hellip;]<\/p>\n","protected":false},"author":1,"featured_media":0,"parent":0,"menu_order":0,"comment_status":"closed","ping_status":"closed","template":"elementor_canvas","meta":{"footnotes":""},"class_list":["post-42","page","type-page","status-publish","hentry"],"_links":{"self":[{"href":"https:\/\/viziterv.hu\/main\/wp-json\/wp\/v2\/pages\/42","targetHints":{"allow":["GET"]}}],"collection":[{"href":"https:\/\/viziterv.hu\/main\/wp-json\/wp\/v2\/pages"}],"about":[{"href":"https:\/\/viziterv.hu\/main\/wp-json\/wp\/v2\/types\/page"}],"author":[{"embeddable":true,"href":"https:\/\/viziterv.hu\/main\/wp-json\/wp\/v2\/users\/1"}],"replies":[{"embeddable":true,"href":"https:\/\/viziterv.hu\/main\/wp-json\/wp\/v2\/comments?post=42"}],"version-history":[{"count":19,"href":"https:\/\/viziterv.hu\/main\/wp-json\/wp\/v2\/pages\/42\/revisions"}],"predecessor-version":[{"id":108,"href":"https:\/\/viziterv.hu\/main\/wp-json\/wp\/v2\/pages\/42\/revisions\/108"}],"wp:attachment":[{"href":"https:\/\/viziterv.hu\/main\/wp-json\/wp\/v2\/media?parent=42"}],"curies":[{"name":"wp","href":"https:\/\/api.w.org\/{rel}","templated":true}]}}